{"id":9,"date":"2022-11-04T08:17:39","date_gmt":"2022-11-04T08:17:39","guid":{"rendered":"https:\/\/outdoormedia.fi\/?page_id=9"},"modified":"2023-01-19T14:29:13","modified_gmt":"2023-01-19T12:29:13","slug":"outdoormedia","status":"publish","type":"page","link":"https:\/\/outdoormedia.fi\/","title":{"rendered":"Outdoormedia"},"content":{"rendered":"\n<figure class=\"wp-block-image aligncenter size-full\"><img decoding=\"async\" loading=\"lazy\" width=\"800\" height=\"170\" src=\"https:\/\/outdoormedia.fi\/wp-content\/uploads\/2022\/11\/Outdoormedia_logo.png\" alt=\"\" class=\"wp-image-27\" srcset=\"https:\/\/outdoormedia.fi\/wp-content\/uploads\/2022\/11\/Outdoormedia_logo.png 800w, https:\/\/outdoormedia.fi\/wp-content\/uploads\/2022\/11\/Outdoormedia_logo-300x64.png 300w, https:\/\/outdoormedia.fi\/wp-content\/uploads\/2022\/11\/Outdoormedia_logo-768x163.png 768w\" sizes=\"(max-width: 800px) 100vw, 800px\" \/><\/figure>\n\n\n\n<hr class=\"wp-block-separator has-text-color has-light-grey-color has-alpha-channel-opacity has-light-grey-background-color has-background is-style-wide\"\/>\n\n\n\n<div class=\"is-layout-constrained wp-container-1 wp-block-group\">\n<p>Outdoor Media Oy julkaisee Retki-lehte\u00e4 ja Riista-lehte\u00e4. Retki-lehti on retkeilij\u00f6iden ja vaeltajien erikoislehti, Riista-lehti keskittyy puhtaasti mets\u00e4stykseen.<\/p>\n\n\n\n<p>Painettujen lehtien lis\u00e4ksi Outdoor Media tuottaa digitaalista sis\u00e4lt\u00f6\u00e4 lehtien verkkosivuille. Riista-lehden youtube-kanava on erityisen suosittu mets\u00e4st\u00e4jien parissa.<\/p>\n\n\n\n<p>Molempien lehtien lukijat ovat aktiivisia, uutuuksista kiinnostuneita ja ostovoimaisia harrastajia.<\/p>\n<\/div>\n\n\n\n<div style=\"height:70px\" aria-hidden=\"true\" class=\"wp-block-spacer\"><\/div>\n\n\n\n<div class=\"is-layout-constrained wp-block-group alignfull has-blue-background-color has-background\" id=\"lehdet\">\n<div style=\"height:30px\" aria-hidden=\"true\" class=\"wp-block-spacer\"><\/div>\n\n\n\n<div class=\"is-layout-flex wp-container-4 wp-block-columns are-vertically-aligned-center\">\n<div class=\"is-layout-flow wp-block-column is-vertically-aligned-center\">\n<h2 class=\"has-white-color has-text-color has-extra-large-font-size\">Retki<\/h2>\n\n\n\n<p class=\"has-white-color has-text-color\">Retki-lehti on vaeltamisen ja retkeilyn erikoislehti. Lukijamme liikkuvat aktiivisesti luonnossa monin tavoin. He patikoivat, melovat, hiiht\u00e4v\u00e4t ja py\u00f6r\u00e4ilev\u00e4t.<br>Lukijamme ovat erityisen kiinnostuneita Lapin vaelluskohteista, uusista varusteista ja lajinsa turvallisesta harrastamisesta.<\/p>\n\n\n\n<p class=\"has-white-color has-text-color\">Kirjoitamme my\u00f6s retkeilyst\u00e4 Ruotsissa ja Norjassa, retkiruuasta ja varusteiden huoltamisesta.<\/p>\n\n\n\n<p class=\"has-white-color has-text-color\">Retki-lehden varustetestit ovat luotettuja ja auttavat lukijoita ostop\u00e4\u00e4t\u00f6ksen tekemisess\u00e4.<\/p>\n\n\n\n<p class=\"has-white-color has-text-color\"><\/p>\n\n\n\n<p class=\"has-white-color has-text-color\"><\/p>\n<\/div>\n\n\n\n<div class=\"is-layout-flow wp-block-column is-vertically-aligned-center\">\n<figure class=\"wp-block-image aligncenter size-large is-resized\"><img decoding=\"async\" loading=\"lazy\" src=\"https:\/\/outdoormedia.fi\/wp-content\/uploads\/2022\/11\/Retki_09_2022_Kansi-793x1024.jpeg\" alt=\"\" class=\"wp-image-63\" width=\"397\" height=\"512\" srcset=\"https:\/\/outdoormedia.fi\/wp-content\/uploads\/2022\/11\/Retki_09_2022_Kansi-793x1024.jpeg 793w, https:\/\/outdoormedia.fi\/wp-content\/uploads\/2022\/11\/Retki_09_2022_Kansi-232x300.jpeg 232w, https:\/\/outdoormedia.fi\/wp-content\/uploads\/2022\/11\/Retki_09_2022_Kansi-768x992.jpeg 768w, https:\/\/outdoormedia.fi\/wp-content\/uploads\/2022\/11\/Retki_09_2022_Kansi-1190x1536.jpeg 1190w, https:\/\/outdoormedia.fi\/wp-content\/uploads\/2022\/11\/Retki_09_2022_Kansi-1586x2048.jpeg 1586w, https:\/\/outdoormedia.fi\/wp-content\/uploads\/2022\/11\/Retki_09_2022_Kansi-scaled.jpeg 1983w\" sizes=\"(max-width: 397px) 100vw, 397px\" \/><\/figure>\n<\/div>\n<\/div>\n\n\n\n<div style=\"height:30px\" aria-hidden=\"true\" class=\"wp-block-spacer\"><\/div>\n<\/div>\n\n\n\n<div class=\"is-layout-constrained wp-block-group alignfull has-light-grey-background-color has-background\">\n<div style=\"height:30px\" aria-hidden=\"true\" class=\"wp-block-spacer\"><\/div>\n\n\n\n<div class=\"is-layout-flex wp-container-8 wp-block-columns are-vertically-aligned-center\">\n<div class=\"is-layout-flow wp-block-column is-vertically-aligned-center\">\n<h2 class=\"has-extra-large-font-size\">Riista<\/h2>\n\n\n\n<p>Riista-lehti on korkealuokkainen mets\u00e4stykseen keskittyv\u00e4 julkaisu. Riista-lehden jokaisessa numerossa on jahtijuttuja, runsaasti ase- ja varuste-esittelyj\u00e4 sek\u00e4 ammatttitaidolla toteutettuja testej\u00e4. Riistan optiikka- ja mets\u00e4stysasetestit ovat harrastajien keskuudessa hyvin arvostettuja.<\/p>\n\n\n\n<p>Riista-lehden <a href=\"https:\/\/www.youtube.com\/riistalehti\">YouTube-kanavan<\/a> asevideot ovat suosittuja.<\/p>\n\n\n\n<p><\/p>\n<\/div>\n\n\n\n<div class=\"is-layout-flow wp-block-column is-vertically-aligned-center\">\n<figure class=\"wp-block-image aligncenter size-large is-resized\"><img decoding=\"async\" loading=\"lazy\" src=\"https:\/\/outdoormedia.fi\/wp-content\/uploads\/2022\/11\/Riista_09_2022_Kannet-793x1024.jpeg\" alt=\"\" class=\"wp-image-64\" width=\"397\" height=\"512\" srcset=\"https:\/\/outdoormedia.fi\/wp-content\/uploads\/2022\/11\/Riista_09_2022_Kannet-793x1024.jpeg 793w, https:\/\/outdoormedia.fi\/wp-content\/uploads\/2022\/11\/Riista_09_2022_Kannet-232x300.jpeg 232w, https:\/\/outdoormedia.fi\/wp-content\/uploads\/2022\/11\/Riista_09_2022_Kannet-768x992.jpeg 768w, https:\/\/outdoormedia.fi\/wp-content\/uploads\/2022\/11\/Riista_09_2022_Kannet-1190x1536.jpeg 1190w, https:\/\/outdoormedia.fi\/wp-content\/uploads\/2022\/11\/Riista_09_2022_Kannet-1586x2048.jpeg 1586w, https:\/\/outdoormedia.fi\/wp-content\/uploads\/2022\/11\/Riista_09_2022_Kannet-scaled.jpeg 1983w\" sizes=\"(max-width: 397px) 100vw, 397px\" \/><\/figure>\n<\/div>\n<\/div>\n\n\n\n<div style=\"height:30px\" aria-hidden=\"true\" class=\"wp-block-spacer\"><\/div>\n<\/div>\n\n\n\n<div class=\"is-layout-constrained wp-block-group alignfull has-white-background-color has-background\" id=\"mainostajille\">\n<div style=\"height:30px\" aria-hidden=\"true\" class=\"wp-block-spacer\"><\/div>\n\n\n\n<h2 class=\"has-text-align-center has-extra-large-font-size\">Mainos\u00adta\u00adjille<\/h2>\n\n\n\n<div class=\"is-layout-flex wp-container-13 wp-block-columns are-vertically-aligned-top\">\n<div class=\"is-layout-flow wp-block-column is-vertically-aligned-top\">\n<p><strong>Mediamyynti<\/strong><\/p>\n\n\n\n<p>Pekka Mommo<br>puh. 040 7229808<br><a href=\"mailto:pekka.mommo@riistalehti.fi\">pekka.mommo@riistalehti.fi<\/a><\/p>\n\n\n\n<p>Petri Laine<br>puh. 040 180 5054<br><a href=\"mailto:petri.laine@retkilehti.fi\">petri.laine@retkilehti.fi<\/a><\/p>\n\n\n\n<p>Veikka Gustafsson<br>puh. 050 505 8848<br><a href=\"mailto:veikka.gustafsson@outdoormedia.fi\">veikka.gustafsson@outdoormedia.fi<\/a><\/p>\n<\/div>\n\n\n\n<div class=\"is-layout-flow wp-block-column is-vertically-aligned-top\">\n<p><strong>Aineistot<\/strong><\/p>\n\n\n\n<p>Benjamin Hokkanen \/ M\u00e4yr\u00e4 Media<br>puh. 050 437 1056<\/p>\n\n\n\n<p><a href=\"mailto:aineistot@retkilehti.fi\">aineistot@retkilehti.fi<\/a><br><a href=\"mailto:aineistot@riistalehti.fi\">aineistot@riistalehti.fi<\/a><\/p>\n\n\n\n<p>Liit\u00e4 viestiin ilmoittajan nimi, ilmoituksen tekij\u00e4n yhteystiedot sek\u00e4 maininta miss\u00e4 numerossa ilmoitus julkaistaan.<\/p>\n<\/div>\n\n\n\n<div class=\"is-layout-flow wp-block-column is-vertically-aligned-top\">\n<p><strong>Mediakortit<\/strong><\/p>\n\n\n\n<p><a href=\"https:\/\/outdoormedia.fi\/wp-content\/uploads\/2023\/01\/Retki_mediakortti_23_UUSI.pdf\">Retken mediakortti 2023<\/a><br><a href=\"https:\/\/outdoormedia.fi\/wp-content\/uploads\/2023\/01\/Riista_Mediakortti-2023.pdf\">Riistan mediakortti 2023<\/a><\/p>\n<\/div>\n<\/div>\n\n\n\n<div style=\"height:30px\" aria-hidden=\"true\" class=\"wp-block-spacer\"><\/div>\n<\/div>\n","protected":false},"excerpt":{"rendered":"<p>Outdoor Media Oy julkaisee Retki-lehte\u00e4 ja Riista-lehte\u00e4. Retki-lehti on retkeilij\u00f6iden ja vaeltajien erikoislehti, Riista-lehti keskittyy puhtaasti mets\u00e4stykseen. Painettujen lehtien lis\u00e4ksi Outdoor Media tuottaa digitaalista sis\u00e4lt\u00f6\u00e4 lehtien verkkosivuille. Riista-lehden youtube-kanava on erityisen suosittu mets\u00e4st\u00e4jien parissa. Molempien lehtien lukijat ovat aktiivisia, uutuuksista kiinnostuneita ja ostovoimaisia harrastajia. Retki Retki-lehti on vaeltamisen ja retkeilyn erikoislehti. Lukijamme liikkuvat aktiivisesti luonnossa [&hellip;]<\/p>\n","protected":false},"author":1,"featured_media":0,"parent":0,"menu_order":0,"comment_status":"closed","ping_status":"closed","template":"","meta":[],"acf":[],"_links":{"self":[{"href":"https:\/\/outdoormedia.fi\/index.php?rest_route=\/wp\/v2\/pages\/9"}],"collection":[{"href":"https:\/\/outdoormedia.fi\/index.php?rest_route=\/wp\/v2\/pages"}],"about":[{"href":"https:\/\/outdoormedia.fi\/index.php?rest_route=\/wp\/v2\/types\/page"}],"author":[{"embeddable":true,"href":"https:\/\/outdoormedia.fi\/index.php?rest_route=\/wp\/v2\/users\/1"}],"replies":[{"embeddable":true,"href":"https:\/\/outdoormedia.fi\/index.php?rest_route=%2Fwp%2Fv2%2Fcomments&post=9"}],"version-history":[{"count":15,"href":"https:\/\/outdoormedia.fi\/index.php?rest_route=\/wp\/v2\/pages\/9\/revisions"}],"predecessor-version":[{"id":93,"href":"https:\/\/outdoormedia.fi\/index.php?rest_route=\/wp\/v2\/pages\/9\/revisions\/93"}],"wp:attachment":[{"href":"https:\/\/outdoormedia.fi\/index.php?rest_route=%2Fwp%2Fv2%2Fmedia&parent=9"}],"curies":[{"name":"wp","href":"https:\/\/api.w.org\/{rel}","templated":true}]}}