{"id":32,"date":"2022-11-04T10:59:07","date_gmt":"2022-11-04T08:59:07","guid":{"rendered":"https:\/\/outdoormedia.fi\/?page_id=32"},"modified":"2022-11-04T10:59:07","modified_gmt":"2022-11-04T08:59:07","slug":"rekisteriseloste","status":"publish","type":"page","link":"https:\/\/outdoormedia.fi\/?page_id=32","title":{"rendered":"Rekisteriseloste"},"content":{"rendered":"\n<p>Rekisteriseloste<br>Henkil\u00f6tietolaki (523\/99) 10 \u00a7<\/p>\n\n\n\n<ol>\n<li>Rekisterinpit\u00e4j\u00e4<br>Outdoor Media Oy, Pihlajatie 28, 00270 HELSINKI. S\u00e4hk\u00f6posti: info@outdoormedia.fi.<\/li>\n\n\n\n<li>Yhteyshenkil\u00f6 rekisteri\u00e4 koskevissa asioissa<br>Saila Hipp, puh. 03-4246 5354, s\u00e4hk\u00f6posti: tilaajapalvelu@outdoormedia.fi.<\/li>\n\n\n\n<li>Rekisterin nimi<br>Outdoor Media Oy:n asiakasrekisteri.<\/li>\n\n\n\n<li>Henkil\u00f6tietojen k\u00e4sittelyn tarkoitus<br>Outdoor Median asiakasrekisteriin on liitetty rekisterinpit\u00e4j\u00e4n kustantamien aikakauslehtien, kirjojen sek\u00e4 muiden tuotteiden ja palveluiden tilaajat, saajat ja maksajat.<br>Henkil\u00f6tietoja k\u00e4sitell\u00e4\u00e4n henkil\u00f6tietolain 8 \u00a7:n mukaisesti seuraaviin tarkoituksiin:<\/li>\n<\/ol>\n\n\n\n<ul>\n<li>tilausten toimittaminen, laskutus, maksujen valvonta, maksuajan my\u00f6nt\u00e4minen ja perint\u00e4<\/li>\n\n\n\n<li>osoitteenmuutosten ja peruutusten kirjaaminen ja tilausten uudistaminen<\/li>\n\n\n\n<li>Outdoor Median tuotteiden ja palveluiden markkinointi<\/li>\n\n\n\n<li>Asiakassuhteen hoitaminen ja lukijatutkimukset<\/li>\n\n\n\n<li>tietosuojalaissa tarkoitettujen suoramarkkinointikieltojen toteuttaminen sek\u00e4 suoramarkkinointiin annettujen suostumusten k\u00e4sittely<br>Henkil\u00f6tietojen k\u00e4sittely on ulkoistettu iO Kustantajapalvelut Oy:lle.<\/li>\n<\/ul>\n\n\n\n<ol>\n<li>Rekisterin tietosis\u00e4lt\u00f6<br>Asiakkaista ker\u00e4t\u00e4\u00e4n ja talletetaan seuraavat tiedot:<\/li>\n<\/ol>\n\n\n\n<ul>\n<li>asiakastiedot: nimi, syntym\u00e4vuosi, tieto alaik\u00e4isyydest\u00e4, asiakasnumero, yhteystiedot (ml. s\u00e4hk\u00f6postiosoite ja muu s\u00e4hk\u00f6inen osoitetieto) yhteydenottoa varten, arvo tai ammatti, \u00e4idinkieli, sukupuoli, talouden koko, asumismuoto (kerros- vai pientalo), alle 18-vuotiaiden lasten lukum\u00e4\u00e4r\u00e4, kiinnostus- ja harrastustiedot, laskutusyhteystiedot, suostumus s\u00e4hk\u00f6posti-, tekstiviesti- ja muilla automaattisilla j\u00e4rjestelmill\u00e4 l\u00e4hetett\u00e4v\u00e4\u00e4n suoramarkkinointiin, suoramarkkinoinnin kieltokoodit sek\u00e4 tieto osoitteen saantitavasta<\/li>\n\n\n\n<li>rekisterinpit\u00e4j\u00e4n ja muiden yritysten v\u00e4listen yhteisty\u00f6sopimusten kulloinkin edellytt\u00e4m\u00e4t tiedot (esim. Plussa-kortin numero)<\/li>\n\n\n\n<li>tilaustiedot: tilaaja- ja saajatiedot, tuotetiedot, tarjoustiedot, hintatiedot, laskutustiedot, toimitustiedot, maksutapatiedot, peruutustiedot, palautustiedot, tarjonnan kieltokoodit ja reklamaatiotiedot<\/li>\n\n\n\n<li>ilmaislehtien saajien nimi- ja osoitetiedot<\/li>\n\n\n\n<li>muut asiakkaan suostumuksella ker\u00e4tt\u00e4v\u00e4t tiedot.<\/li>\n<\/ul>\n\n\n\n<ol>\n<li>S\u00e4\u00e4nn\u00f6nmukaiset tietol\u00e4hteet<br>Asiakkaita koskevat tiedot saadaan asiakkaan suostumuksella h\u00e4nelt\u00e4 itselt\u00e4\u00e4n (henkil\u00f6tietolain 8 \u00a7:n 1 momentin 1 ja 2 kohta) ja h\u00e4nen tilaukseen liittyvist\u00e4 tapahtumista (henkil\u00f6tietolain 8 \u00a7:n 1 momentin 5 kohta). Henkil\u00f6tietoja voidaan ker\u00e4t\u00e4, tallettaa ja p\u00e4ivitt\u00e4\u00e4 my\u00f6s osoite-, p\u00e4ivitys- tai muuta vastaavaa palvelua tarjoavan rekisterinpit\u00e4j\u00e4n rekistereist\u00e4 sek\u00e4 rekisterinpit\u00e4j\u00e4n kanssa lehtien myynti\u00e4 koskevan sopimuksen tehneilt\u00e4 yhteis\u00f6ilt\u00e4 sek\u00e4 tavaroiden ja palveluiden tilausmyyjilt\u00e4.<\/li>\n\n\n\n<li>Tietojen s\u00e4\u00e4nn\u00f6nmukaiset luovutukset<br>Asiakkaiden henkil\u00f6tietoja luovutetaan s\u00e4\u00e4nn\u00f6nmukaisesti rekisterinpit\u00e4j\u00e4n kanssa lehtien myynti\u00e4 koskevan sopimuksen tehneille yhteis\u00f6ille sek\u00e4 tavaroiden ja palvelujen tilausmyyjille. Tiedot luovutetaan teknisen k\u00e4ytt\u00f6yhteyden avulla, teknisen\u00e4 tallenteena tai paperitulosteena.<\/li>\n\n\n\n<li>Tietojen siirto EU:n tai Euroopan talousalueen ulkopuolelle<br>Tietoja ei s\u00e4\u00e4nn\u00f6nmukaisesti siirret\u00e4 EU:n tai Euroopan talousalueen ulkopuolelle.<\/li>\n\n\n\n<li>Rekisterin suojauksen periaatteet<br>A. Manuaalinen aineisto<br>Tietoja s\u00e4ilytet\u00e4\u00e4n rekisterinpit\u00e4j\u00e4n lukituissa toimitiloissa.<\/li>\n<\/ol>\n\n\n\n<p>B. ATK:lle talletetut tiedot<br>Rekisteriin on k\u00e4ytt\u00f6oikeus vain niill\u00e4 rekisterinpit\u00e4j\u00e4n palveluksessa olevilla ja muilla m\u00e4\u00e4ritellyill\u00e4 henkil\u00f6ill\u00e4, jotka tarvitsevat tietoja teht\u00e4viss\u00e4\u00e4n. Heill\u00e4 on k\u00e4yt\u00f6ss\u00e4\u00e4n k\u00e4ytt\u00e4j\u00e4tunnukset ja salasanat. Tiedot on suojattu teknisesti palomuurilla.<\/p>\n\n\n\n<ol start=\"10\">\n<li>Tarkastusoikeus ja oikeus oikaista virheellinen tieto<br>Rekister\u00f6idyll\u00e4 on oikeus tarkastaa h\u00e4nt\u00e4 koskevat Outdoor Media Oy:n asiakasrekisteriss\u00e4 olevat tiedot. Kun rekister\u00f6ity haluaa k\u00e4ytt\u00e4\u00e4 tarkastusoikeuttaan, h\u00e4nen tulee l\u00e4hett\u00e4\u00e4 omak\u00e4tisesti allekirjoitettu tarkastuspyynt\u00f6 Outdoor Media Oy:lle yll\u00e4 mainittuun osoitteeseen tai k\u00e4yd\u00e4 edell\u00e4 mainitussa osoitteessa henkil\u00f6llisyyden todistava asiakirja mukanaan. Tarkastuspyynn\u00f6ss\u00e4 rekister\u00f6idyn tulee ilmoittaa nimens\u00e4, osoitteensa ja puhelinnumeronsa.<\/li>\n<\/ol>\n\n\n\n<p>Outdoor Media Oy toimittaa kirjallisen vastauksensa rekister\u00f6idylle 30 p\u00e4iv\u00e4n kuluessa siit\u00e4, kun rekister\u00f6ity on k\u00e4ynyt henkil\u00f6kohtaisesti Outdoor Media Oy:ss\u00e4 tai kun rekister\u00f6idyn kirjallinen tarkastuspyynt\u00f6 on saapunut Outdoor Media Oy:lle.<\/p>\n\n\n\n<p>Jos rekister\u00f6idyn tiedoissa on virheit\u00e4, rekister\u00f6ity voi esitt\u00e4\u00e4 Outdoor Media Oy:lle virheen korjaamista koskevan pyynn\u00f6n.<\/p>\n\n\n\n<ol start=\"11\">\n<li>Kielto-oikeus<br>Rekister\u00f6idyll\u00e4 on oikeus kielt\u00e4\u00e4 Outdoor Media Oy:t\u00e4 k\u00e4sittelem\u00e4st\u00e4 h\u00e4nt\u00e4 itse\u00e4\u00e4n koskevia tietoja suoramarkkinointia tai markkintatutkimusta varten. Halutessaan k\u00e4ytt\u00e4\u00e4 kielto-oikeuttaan rekister\u00f6ity voi l\u00e4hett\u00e4\u00e4 kirjeen edell\u00e4 mainittuun Outdoor Media Oy:n osoitteeseen tai soittaa numeroon 03-4246 5354.<\/li>\n<\/ol>\n\n\n\n<p>Outdoor Media Oy 1.4.2014<\/p>\n","protected":false},"excerpt":{"rendered":"<p>RekisteriselosteHenkil\u00f6tietolaki (523\/99) 10 \u00a7 B. ATK:lle talletetut tiedotRekisteriin on k\u00e4ytt\u00f6oikeus vain niill\u00e4 rekisterinpit\u00e4j\u00e4n palveluksessa olevilla ja muilla m\u00e4\u00e4ritellyill\u00e4 henkil\u00f6ill\u00e4, jotka tarvitsevat tietoja teht\u00e4viss\u00e4\u00e4n. Heill\u00e4 on k\u00e4yt\u00f6ss\u00e4\u00e4n k\u00e4ytt\u00e4j\u00e4tunnukset ja salasanat. Tiedot on suojattu teknisesti palomuurilla. Outdoor Media Oy toimittaa kirjallisen vastauksensa rekister\u00f6idylle 30 p\u00e4iv\u00e4n kuluessa siit\u00e4, kun rekister\u00f6ity on k\u00e4ynyt henkil\u00f6kohtaisesti Outdoor Media Oy:ss\u00e4 tai kun [&hellip;]<\/p>\n","protected":false},"author":1,"featured_media":0,"parent":0,"menu_order":0,"comment_status":"closed","ping_status":"closed","template":"","meta":[],"acf":[],"_links":{"self":[{"href":"https:\/\/outdoormedia.fi\/index.php?rest_route=\/wp\/v2\/pages\/32"}],"collection":[{"href":"https:\/\/outdoormedia.fi\/index.php?rest_route=\/wp\/v2\/pages"}],"about":[{"href":"https:\/\/outdoormedia.fi\/index.php?rest_route=\/wp\/v2\/types\/page"}],"author":[{"embeddable":true,"href":"https:\/\/outdoormedia.fi\/index.php?rest_route=\/wp\/v2\/users\/1"}],"replies":[{"embeddable":true,"href":"https:\/\/outdoormedia.fi\/index.php?rest_route=%2Fwp%2Fv2%2Fcomments&post=32"}],"version-history":[{"count":0,"href":"https:\/\/outdoormedia.fi\/index.php?rest_route=\/wp\/v2\/pages\/32\/revisions"}],"wp:attachment":[{"href":"https:\/\/outdoormedia.fi\/index.php?rest_route=%2Fwp%2Fv2%2Fmedia&parent=32"}],"curies":[{"name":"wp","href":"https:\/\/api.w.org\/{rel}","templated":true}]}}